{"id":286,"date":"2025-05-12T07:54:45","date_gmt":"2025-05-12T07:54:45","guid":{"rendered":"https:\/\/musikschule-cultour.de\/?page_id=286"},"modified":"2025-05-12T08:05:07","modified_gmt":"2025-05-12T08:05:07","slug":"datenschutz","status":"publish","type":"page","link":"https:\/\/musikschule-cultour.de\/?page_id=286","title":{"rendered":"Datenschutz"},"content":{"rendered":"\n<p>Die Cookie-Einstellungen auf dieser Website sind auf \u201eCookies zulassen\u201c eingestellt, um das beste Surferlebnis zu erm\u00f6glichen. Wenn du diese Website ohne \u00c4nderung der Cookie-Einstellungen verwendest oder auf \u201eAkzeptieren\u201c klickst, erkl\u00e4rst du sich damit einverstanden.<br><br><strong>Allgemeine Datenschutzerkl\u00e4rung<\/strong><br>Durch die Nutzung unserer Website erkl\u00e4ren Sie sich mit der Erhebung, Verarbeitung und Nutzung von Daten gem\u00e4\u00df der nachfolgenden Beschreibung einverstanden: Unsere Website kann grunds\u00e4tzlich ohne Registrierung besucht werden. Dabei werden Daten wie beispielsweise aufgerufene Seiten bzw. Namen der abgerufenen Datei, Datum und Uhrzeit zu statistischen Zwecken auf dem Server gespeichert, ohne dass diese Daten unmittelbar auf Ihre Person bezogen werden. Personenbezogene Daten, insbesondere Name, Adresse oder E-Mail-Adresse werden \u2013 soweit n\u00f6tig oder m\u00f6glich \u2013 auf freiwilliger Basis erhoben. Ohne Ihre ausdr\u00fcckliche Einwilligung erfolgt keine Weitergabe der Daten an Dritte.<\/p>\n\n\n\n<p><strong>Datenschutzerkl\u00e4rung f\u00fcr Cookies<\/strong><br>Unsere Website verwendet Cookies. Das sind kleine Textdateien, die es m\u00f6glich machen, auf dem Endger\u00e4t des Nutzers oder der Nutzerin spezifische, auf den ihn\/sie bezogene Informationen zu speichern, w\u00e4hrend die Website genutzt wird. Cookies erm\u00f6glichen es, insbesondere Nutzungsh\u00e4ufigkeit und NutzerInnenanzahl der Seiten zu ermitteln, Verhaltensweisen der Seitennutzung zu analysieren, aber auch unser Angebot kundenfreundlicher zu gestalten. Cookies bleiben \u00fcber das Ende einer Browser-Sitzung gespeichert und k\u00f6nnen bei einem erneuten Seitenbesuch wieder aufgerufen werden. Wenn Sie das nicht w\u00fcnschen, sollten Sie Ihren Internetbrowser so einstellen, dass er die Annahme von Cookies verweigert.<\/p>\n\n\n\n<p><strong>Hinweis<\/strong><br>Zur Verwaltung der eingesetzten Cookies und \u00e4hnlichen Technologien (Tracking-Pixel, Web-Beacons etc.) und diesbez\u00fcglicher Einwilligungen setzen wir das Consent Tool &#8222;Real Cookie Banner&#8220; ein. Details zur Funktionsweise von &#8222;Real Cookie Banner&#8220; findest du unter <a rel=\"noreferrer noopener\" href=\"https:\/\/devowl.io\/de\/rcb\/datenverarbeitung\/\" target=\"_blank\">https:\/\/devowl.io\/de\/rcb\/datenverarbeitung\/<\/a>.<\/p>\n\n\n\n<p>Rechtsgrundlagen f\u00fcr die Verarbeitung von personenbezogenen Daten in diesem Zusammenhang sind Art. 6 Abs. 1 lit. c DS-GVO und Art. 6 Abs. 1 lit. f DS-GVO. Unser berechtigtes Interesse ist die Verwaltung der eingesetzten Cookies und \u00e4hnlichen Technologien und der diesbez\u00fcglichen Einwilligungen.<\/p>\n\n\n\n<p>Die Bereitstellung der personenbezogenen Daten ist weder vertraglich vorgeschrieben noch f\u00fcr den Abschluss eines Vertrages notwendig. Du bist nicht verpflichtet die personenbezogenen Daten bereitzustellen. Wenn du die personenbezogenen Daten nicht bereitstellst, k\u00f6nnen wir deine Einwilligungen nicht verwalten. <\/p>\n","protected":false},"excerpt":{"rendered":"<p>Die Cookie-Einstellungen auf dieser Website sind auf \u201eCookies zulassen\u201c eingestellt, um das beste Surferlebnis zu erm\u00f6glichen. Wenn du diese Website ohne \u00c4nderung der Cookie-Einstellungen verwendest oder auf \u201eAkzeptieren\u201c klickst, erkl\u00e4rst du sich damit einverstanden. Allgemeine Datenschutzerkl\u00e4rungDurch die Nutzung unserer Website erkl\u00e4ren Sie sich mit der Erhebung, Verarbeitung und Nutzung von Daten gem\u00e4\u00df der nachfolgenden Beschreibung [&hellip;]<\/p>\n","protected":false},"author":1,"featured_media":0,"parent":0,"menu_order":0,"comment_status":"closed","ping_status":"closed","template":"","meta":[],"_links":{"self":[{"href":"https:\/\/musikschule-cultour.de\/index.php?rest_route=\/wp\/v2\/pages\/286"}],"collection":[{"href":"https:\/\/musikschule-cultour.de\/index.php?rest_route=\/wp\/v2\/pages"}],"about":[{"href":"https:\/\/musikschule-cultour.de\/index.php?rest_route=\/wp\/v2\/types\/page"}],"author":[{"embeddable":true,"href":"https:\/\/musikschule-cultour.de\/index.php?rest_route=\/wp\/v2\/users\/1"}],"replies":[{"embeddable":true,"href":"https:\/\/musikschule-cultour.de\/index.php?rest_route=%2Fwp%2Fv2%2Fcomments&post=286"}],"version-history":[{"count":4,"href":"https:\/\/musikschule-cultour.de\/index.php?rest_route=\/wp\/v2\/pages\/286\/revisions"}],"predecessor-version":[{"id":290,"href":"https:\/\/musikschule-cultour.de\/index.php?rest_route=\/wp\/v2\/pages\/286\/revisions\/290"}],"wp:attachment":[{"href":"https:\/\/musikschule-cultour.de\/index.php?rest_route=%2Fwp%2Fv2%2Fmedia&parent=286"}],"curies":[{"name":"wp","href":"https:\/\/api.w.org\/{rel}","templated":true}]}}